{"id":577,"date":"2021-03-21T19:46:44","date_gmt":"2021-03-21T19:46:44","guid":{"rendered":"http:\/\/zima.es\/?page_id=577"},"modified":"2024-01-30T11:50:31","modified_gmt":"2024-01-30T11:50:31","slug":"feder","status":"publish","type":"page","link":"https:\/\/zima.es\/index.php\/feder\/","title":{"rendered":"Subvencion"},"content":{"rendered":"\t\t<div data-elementor-type=\"wp-page\" data-elementor-id=\"577\" class=\"elementor elementor-577\">\n\t\t\t\t\t\t<section class=\"elementor-section elementor-top-section elementor-element elementor-element-a60ed76 elementor-section-boxed elementor-section-height-default elementor-section-height-default\" data-id=\"a60ed76\" data-element_type=\"section\">\n\t\t\t\t\t\t<div class=\"elementor-container elementor-column-gap-default\">\n\t\t\t\t\t<div class=\"elementor-column elementor-col-100 elementor-top-column elementor-element elementor-element-512430e\" data-id=\"512430e\" data-element_type=\"column\">\n\t\t\t<div class=\"elementor-widget-wrap elementor-element-populated\">\n\t\t\t\t\t\t<div class=\"elementor-element elementor-element-9c5578d elementor-widget elementor-widget-text-editor\" data-id=\"9c5578d\" data-element_type=\"widget\" data-widget_type=\"text-editor.default\">\n\t\t\t\t<div class=\"elementor-widget-container\">\n\t\t\t\t\t\t\t\t\t<p>ZIMA ASESORAMIENTO EMPRESARIAL, S.L.\u00a0ha recibido una ayuda de la Uni\u00f3n Europea con cargo al Programa Operativo FEDER de Andaluc\u00eda 2014-2020, financiada como parte de la respuesta de la Uni\u00f3n a la pandemia de COVID-19 (REACT-UE), para compensar el sobrecoste energ\u00e9tico de gas natural y\/o electricidad a pymes y aut\u00f3nomos especialmente afectados por el incremento de los precios del gas natural y la electricidad provocados por el impacto de la guerra de agresi\u00f3n de Rusia contra Ucrania.<\/p><p><span style=\"font-size: 13px; color: var( --e-global-color-text ); font-family: var( --e-global-typography-text-font-family ), Sans-serif; font-weight: var( --e-global-typography-text-font-weight );\">ZIMA ASESORAMIENTO EMPRESARIAL, S.L.<\/span>\u00a0ha recibido un incentivo de la Agencia de Innovaci\u00f3n y Desarrollo de Andaluc\u00eda IDEA, de la Junta de Andaluc\u00eda, por un importe de <strong>6.642,88.- Euros,<\/strong> cofinanciado en un 80% por la Uni\u00f3n Europea a trav\u00e9s del Fondo Europeo de Desarrollo Regional, FEDER para la realizaci\u00f3n del proyecto: <strong>Adquisici\u00f3n de hardware y software para la gesti\u00f3n integral del despacho<\/strong> con el objetivo de garantizar un mejor uso de las tecnolog\u00edas de la informaci\u00f3n.<\/p>\t\t\t\t\t\t\t\t<\/div>\n\t\t\t\t<\/div>\n\t\t\t\t\t<\/div>\n\t\t<\/div>\n\t\t\t\t\t<\/div>\n\t\t<\/section>\n\t\t\t\t<\/div>\n\t\t","protected":false},"excerpt":{"rendered":"<p>ZIMA ASESORAMIENTO EMPRESARIAL, S.L.\u00a0ha recibido una ayuda de la Uni\u00f3n Europea con cargo al Programa Operativo FEDER de Andaluc\u00eda 2014-2020, financiada como parte de la&hellip;<\/p>\n","protected":false},"author":1,"featured_media":0,"parent":0,"menu_order":0,"comment_status":"closed","ping_status":"closed","template":"","meta":{"footnotes":""},"class_list":["post-577","page","type-page","status-publish","hentry"],"_links":{"self":[{"href":"https:\/\/zima.es\/index.php\/wp-json\/wp\/v2\/pages\/577","targetHints":{"allow":["GET"]}}],"collection":[{"href":"https:\/\/zima.es\/index.php\/wp-json\/wp\/v2\/pages"}],"about":[{"href":"https:\/\/zima.es\/index.php\/wp-json\/wp\/v2\/types\/page"}],"author":[{"embeddable":true,"href":"https:\/\/zima.es\/index.php\/wp-json\/wp\/v2\/users\/1"}],"replies":[{"embeddable":true,"href":"https:\/\/zima.es\/index.php\/wp-json\/wp\/v2\/comments?post=577"}],"version-history":[{"count":13,"href":"https:\/\/zima.es\/index.php\/wp-json\/wp\/v2\/pages\/577\/revisions"}],"predecessor-version":[{"id":685,"href":"https:\/\/zima.es\/index.php\/wp-json\/wp\/v2\/pages\/577\/revisions\/685"}],"wp:attachment":[{"href":"https:\/\/zima.es\/index.php\/wp-json\/wp\/v2\/media?parent=577"}],"curies":[{"name":"wp","href":"https:\/\/api.w.org\/{rel}","templated":true}]}}