{"id":12,"date":"2020-09-29T12:56:22","date_gmt":"2020-09-29T12:56:22","guid":{"rendered":"http:\/\/zima.es\/?page_id=12"},"modified":"2021-07-28T18:05:21","modified_gmt":"2021-07-28T18:05:21","slug":"inicio","status":"publish","type":"page","link":"https:\/\/zima.es\/","title":{"rendered":"Inicio"},"content":{"rendered":"\t\t<div data-elementor-type=\"wp-page\" data-elementor-id=\"12\" class=\"elementor elementor-12\">\n\t\t\t\t\t\t<section class=\"elementor-section elementor-top-section elementor-element elementor-element-25a66494 elementor-section-boxed elementor-section-height-default elementor-section-height-default\" data-id=\"25a66494\" data-element_type=\"section\">\n\t\t\t\t\t\t<div class=\"elementor-container elementor-column-gap-default\">\n\t\t\t\t\t<div class=\"elementor-column elementor-col-100 elementor-top-column elementor-element elementor-element-49da33b3\" data-id=\"49da33b3\" data-element_type=\"column\">\n\t\t\t<div class=\"elementor-widget-wrap elementor-element-populated\">\n\t\t\t\t\t\t<div class=\"elementor-element elementor-element-366d33d elementor-widget elementor-widget-spacer\" data-id=\"366d33d\" data-element_type=\"widget\" data-widget_type=\"spacer.default\">\n\t\t\t\t<div class=\"elementor-widget-container\">\n\t\t\t\t\t\t\t<div class=\"elementor-spacer\">\n\t\t\t<div class=\"elementor-spacer-inner\"><\/div>\n\t\t<\/div>\n\t\t\t\t\t\t<\/div>\n\t\t\t\t<\/div>\n\t\t\t\t<section class=\"elementor-section elementor-inner-section elementor-element elementor-element-1ae680b elementor-section-boxed elementor-section-height-default elementor-section-height-default\" data-id=\"1ae680b\" data-element_type=\"section\">\n\t\t\t\t\t\t<div class=\"elementor-container elementor-column-gap-default\">\n\t\t\t\t\t<div class=\"elementor-column elementor-col-33 elementor-inner-column elementor-element elementor-element-50484f8\" data-id=\"50484f8\" data-element_type=\"column\">\n\t\t\t<div class=\"elementor-widget-wrap elementor-element-populated\">\n\t\t\t\t\t\t<div class=\"elementor-element elementor-element-d3db99f animated-slow elementor-invisible elementor-widget elementor-widget-image\" data-id=\"d3db99f\" data-element_type=\"widget\" data-settings=\"{&quot;_animation&quot;:&quot;fadeInLeft&quot;,&quot;_animation_delay&quot;:0}\" data-widget_type=\"image.default\">\n\t\t\t\t<div class=\"elementor-widget-container\">\n\t\t\t\t\t\t\t\t\t\t\t\t\t\t\t<img fetchpriority=\"high\" decoding=\"async\" width=\"348\" height=\"289\" src=\"https:\/\/zima.es\/wp-content\/uploads\/2021\/02\/imagen-cabecera2-solo-logo.jpg\" class=\"attachment-full size-full wp-image-394\" alt=\"\" srcset=\"https:\/\/zima.es\/wp-content\/uploads\/2021\/02\/imagen-cabecera2-solo-logo.jpg 348w, https:\/\/zima.es\/wp-content\/uploads\/2021\/02\/imagen-cabecera2-solo-logo-300x249.jpg 300w\" sizes=\"(max-width: 348px) 100vw, 348px\" \/>\t\t\t\t\t\t\t\t\t\t\t\t\t\t\t<\/div>\n\t\t\t\t<\/div>\n\t\t\t\t\t<\/div>\n\t\t<\/div>\n\t\t\t\t<div class=\"elementor-column elementor-col-66 elementor-inner-column elementor-element elementor-element-0f0ed68\" data-id=\"0f0ed68\" data-element_type=\"column\">\n\t\t\t<div class=\"elementor-widget-wrap elementor-element-populated\">\n\t\t\t\t\t\t<div class=\"elementor-element elementor-element-fbd5018 animated-slow elementor-invisible elementor-widget elementor-widget-image\" data-id=\"fbd5018\" data-element_type=\"widget\" data-settings=\"{&quot;_animation&quot;:&quot;fadeInRight&quot;,&quot;_animation_delay&quot;:0}\" data-widget_type=\"image.default\">\n\t\t\t\t<div class=\"elementor-widget-container\">\n\t\t\t\t\t\t\t\t\t\t\t\t\t\t\t<img decoding=\"async\" width=\"658\" height=\"294\" src=\"https:\/\/zima.es\/wp-content\/uploads\/2021\/02\/imagen-cabecera2-solo-mesa.jpg\" class=\"attachment-full size-full wp-image-390\" alt=\"\" srcset=\"https:\/\/zima.es\/wp-content\/uploads\/2021\/02\/imagen-cabecera2-solo-mesa.jpg 658w, https:\/\/zima.es\/wp-content\/uploads\/2021\/02\/imagen-cabecera2-solo-mesa-300x134.jpg 300w\" sizes=\"(max-width: 658px) 100vw, 658px\" \/>\t\t\t\t\t\t\t\t\t\t\t\t\t\t\t<\/div>\n\t\t\t\t<\/div>\n\t\t\t\t\t<\/div>\n\t\t<\/div>\n\t\t\t\t\t<\/div>\n\t\t<\/section>\n\t\t\t\t<section class=\"elementor-section elementor-inner-section elementor-element elementor-element-f0688d1 elementor-section-boxed elementor-section-height-default elementor-section-height-default\" data-id=\"f0688d1\" data-element_type=\"section\" data-settings=\"{&quot;background_background&quot;:&quot;classic&quot;}\">\n\t\t\t\t\t\t<div class=\"elementor-container elementor-column-gap-default\">\n\t\t\t\t\t<div class=\"elementor-column elementor-col-50 elementor-inner-column elementor-element elementor-element-31a26d7\" data-id=\"31a26d7\" data-element_type=\"column\">\n\t\t\t<div class=\"elementor-widget-wrap elementor-element-populated\">\n\t\t\t\t\t\t<div class=\"elementor-element elementor-element-1dd2a39 elementor-widget elementor-widget-text-editor\" data-id=\"1dd2a39\" data-element_type=\"widget\" data-widget_type=\"text-editor.default\">\n\t\t\t\t<div class=\"elementor-widget-container\">\n\t\t\t\t\t\t\t\t\t<div class=\"wp-block-image\" style=\"text-align: left;\">\n<figure class=\"aligncenter size-large is-resized\">\n<p>Somos un despacho profesional constituido en 1994 por abogados, economistas y auditores, formando un equipo altamente especializado en sus respectivas \u00e1reas de trabajo y perfectamente coordinados para conseguir los mejores resultados en el asesoramiento integral de empresas y particulares.<\/p>\n<\/figure>\n<\/div>\t\t\t\t\t\t\t\t<\/div>\n\t\t\t\t<\/div>\n\t\t\t\t\t<\/div>\n\t\t<\/div>\n\t\t\t\t<div class=\"elementor-column elementor-col-50 elementor-inner-column elementor-element elementor-element-e2b4324\" data-id=\"e2b4324\" data-element_type=\"column\">\n\t\t\t<div class=\"elementor-widget-wrap elementor-element-populated\">\n\t\t\t\t\t\t<div class=\"elementor-element elementor-element-f7a0861 elementor-widget elementor-widget-text-editor\" data-id=\"f7a0861\" data-element_type=\"widget\" data-widget_type=\"text-editor.default\">\n\t\t\t\t<div class=\"elementor-widget-container\">\n\t\t\t\t\t\t\t\t\t<div class=\"wp-block-image\" style=\"text-align: left;\">\n<figure class=\"aligncenter size-large is-resized\">\n<p>En los m\u00e1s de 25 a\u00f1os de andadura hemos asesorado a empresas y profesionales de sectores muy variados, entre los que destacar\u00edamos, por sus caracter\u00edsticas especiales y diferenciadoras, el sector inmobiliario, sector agrario y sector farmac\u00e9utico.<\/p>\n<\/figure>\n<\/div>\t\t\t\t\t\t\t\t<\/div>\n\t\t\t\t<\/div>\n\t\t\t\t\t<\/div>\n\t\t<\/div>\n\t\t\t\t\t<\/div>\n\t\t<\/section>\n\t\t\t\t\t<\/div>\n\t\t<\/div>\n\t\t\t\t\t<\/div>\n\t\t<\/section>\n\t\t\t\t<section class=\"elementor-section elementor-top-section elementor-element elementor-element-99db488 elementor-section-boxed elementor-section-height-default elementor-section-height-default\" data-id=\"99db488\" data-element_type=\"section\">\n\t\t\t\t\t\t<div class=\"elementor-container elementor-column-gap-default\">\n\t\t\t\t\t<div class=\"elementor-column elementor-col-33 elementor-top-column elementor-element elementor-element-c42a9bd\" data-id=\"c42a9bd\" data-element_type=\"column\">\n\t\t\t<div class=\"elementor-widget-wrap elementor-element-populated\">\n\t\t\t\t\t\t<div class=\"elementor-element elementor-element-ca48fa8 elementor-widget elementor-widget-text-editor\" data-id=\"ca48fa8\" data-element_type=\"widget\" data-widget_type=\"text-editor.default\">\n\t\t\t\t<div class=\"elementor-widget-container\">\n\t\t\t\t\t\t\t\t\t<p style=\"text-align: center;\"><a href=\"https:\/\/zima.es\/index.php\/nuestros-servicios\/\">Asesoramiento Fiscal<\/a><\/p><p style=\"text-align: center;\"><a href=\"https:\/\/zima.es\/index.php\/nuestros-servicios\/\">Asesoramientos Econ\u00f3mico y Financiero<\/a><\/p><p style=\"text-align: center;\"><a href=\"https:\/\/zima.es\/index.php\/nuestros-servicios\/\">Herencias<\/a><\/p><p style=\"text-align: center;\"><a href=\"https:\/\/zima.es\/index.php\/nuestros-servicios\/\">Contabilidad<\/a><\/p><p style=\"text-align: center;\"><a href=\"https:\/\/zima.es\/index.php\/nuestros-servicios\/\">Valoraciones de Empresas<\/a><\/p>\t\t\t\t\t\t\t\t<\/div>\n\t\t\t\t<\/div>\n\t\t\t\t\t<\/div>\n\t\t<\/div>\n\t\t\t\t<div class=\"elementor-column elementor-col-33 elementor-top-column elementor-element elementor-element-17db7c9\" data-id=\"17db7c9\" data-element_type=\"column\">\n\t\t\t<div class=\"elementor-widget-wrap elementor-element-populated\">\n\t\t\t\t\t\t<div class=\"elementor-element elementor-element-954b238 elementor-widget elementor-widget-text-editor\" data-id=\"954b238\" data-element_type=\"widget\" data-widget_type=\"text-editor.default\">\n\t\t\t\t<div class=\"elementor-widget-container\">\n\t\t\t\t\t\t\t\t\t<p style=\"text-align: center;\"><a href=\"https:\/\/zima.es\/index.php\/nuestros-servicios\/\">Due Dilligence<\/a><\/p>\n<p style=\"text-align: center;\"><a href=\"https:\/\/zima.es\/index.php\/nuestros-servicios\/\">Asesoramiento Mercantil<\/a><\/p>\n<p style=\"text-align: center;\"><a href=\"https:\/\/zima.es\/index.php\/nuestros-servicios\/\">Reestructuraciones Empresariales<\/a><\/p>\n<p style=\"text-align: center;\"><a href=\"https:\/\/zima.es\/index.php\/nuestros-servicios\/\">Auditor\u00eda<\/a><\/p>\n<p style=\"text-align: center;\"><a href=\"https:\/\/zima.es\/index.php\/nuestros-servicios\/\">Concurso de Acreedores<\/a><\/p>\t\t\t\t\t\t\t\t<\/div>\n\t\t\t\t<\/div>\n\t\t\t\t\t<\/div>\n\t\t<\/div>\n\t\t\t\t<div class=\"elementor-column elementor-col-33 elementor-top-column elementor-element elementor-element-9801e29\" data-id=\"9801e29\" data-element_type=\"column\">\n\t\t\t<div class=\"elementor-widget-wrap elementor-element-populated\">\n\t\t\t\t\t\t<div class=\"elementor-element elementor-element-e5838b7 elementor-widget elementor-widget-text-editor\" data-id=\"e5838b7\" data-element_type=\"widget\" data-widget_type=\"text-editor.default\">\n\t\t\t\t<div class=\"elementor-widget-container\">\n\t\t\t\t\t\t\t\t\t<p style=\"text-align: center;\"><a href=\"https:\/\/zima.es\/index.php\/nuestros-servicios\/\">Fiscalidad Inmobiliaria<\/a><\/p><p style=\"text-align: center;\"><a href=\"https:\/\/zima.es\/index.php\/nuestros-servicios\/\">Sector Agrario<\/a><\/p><p style=\"text-align: center;\"><a href=\"https:\/\/zima.es\/index.php\/nuestros-servicios\/\">Empresa Familiar<\/a><\/p><p style=\"text-align: center;\"><a href=\"https:\/\/zima.es\/index.php\/nuestros-servicios\/\">Peritaciones<\/a><\/p><p style=\"text-align: center;\">\u00a0<\/p>\t\t\t\t\t\t\t\t<\/div>\n\t\t\t\t<\/div>\n\t\t\t\t\t<\/div>\n\t\t<\/div>\n\t\t\t\t\t<\/div>\n\t\t<\/section>\n\t\t\t\t<\/div>\n\t\t","protected":false},"excerpt":{"rendered":"<p>Somos un despacho profesional constituido en 1994 por abogados, economistas y auditores, formando un equipo altamente especializado en sus respectivas \u00e1reas de trabajo y perfectamente&hellip;<\/p>\n","protected":false},"author":1,"featured_media":0,"parent":0,"menu_order":0,"comment_status":"closed","ping_status":"closed","template":"","meta":{"footnotes":""},"class_list":["post-12","page","type-page","status-publish","hentry"],"_links":{"self":[{"href":"https:\/\/zima.es\/index.php\/wp-json\/wp\/v2\/pages\/12","targetHints":{"allow":["GET"]}}],"collection":[{"href":"https:\/\/zima.es\/index.php\/wp-json\/wp\/v2\/pages"}],"about":[{"href":"https:\/\/zima.es\/index.php\/wp-json\/wp\/v2\/types\/page"}],"author":[{"embeddable":true,"href":"https:\/\/zima.es\/index.php\/wp-json\/wp\/v2\/users\/1"}],"replies":[{"embeddable":true,"href":"https:\/\/zima.es\/index.php\/wp-json\/wp\/v2\/comments?post=12"}],"version-history":[{"count":144,"href":"https:\/\/zima.es\/index.php\/wp-json\/wp\/v2\/pages\/12\/revisions"}],"predecessor-version":[{"id":632,"href":"https:\/\/zima.es\/index.php\/wp-json\/wp\/v2\/pages\/12\/revisions\/632"}],"wp:attachment":[{"href":"https:\/\/zima.es\/index.php\/wp-json\/wp\/v2\/media?parent=12"}],"curies":[{"name":"wp","href":"https:\/\/api.w.org\/{rel}","templated":true}]}}